{"id":918,"date":"2024-04-06T02:19:20","date_gmt":"2024-04-06T00:19:20","guid":{"rendered":"https:\/\/rueckershaeuser.de\/?post_type=product&#038;p=918"},"modified":"2026-04-08T21:39:00","modified_gmt":"2026-04-08T19:39:00","slug":"riesling-sekt-brut-0375-l","status":"publish","type":"product","link":"https:\/\/rueckershaeuser.de\/product\/riesling-sekt-brut-0375-l\/","title":{"rendered":"Riesling Sekt brut 0,375 L"},"content":{"rendered":"<p>Pure Riesling Frucht, animierende S\u00e4ure, erfrischende Perlage, ein Klassiker unter den Riesling Sekten.<\/p>\n","protected":false},"excerpt":{"rendered":"<p>Pure Riesling Frucht, animierende S\u00e4ure<\/p>\n","protected":false},"featured_media":758,"template":"","meta":[],"product_brand":[],"product_cat":[44,40,59,26,15],"product_tag":[],"class_list":{"0":"post-918","1":"product","2":"type-product","3":"status-publish","4":"has-post-thumbnail","6":"product_cat-44","7":"product_cat-brut","8":"product_cat-deutscher-sekt","9":"product_cat-sekt","10":"product_cat-uncategorized","12":"first","13":"instock","14":"taxable","15":"shipping-taxable","16":"purchasable","17":"product-type-simple"},"yoast_head":"<!-- This site is optimized with the Yoast SEO plugin v27.3 - https:\/\/yoast.com\/product\/yoast-seo-wordpress\/ -->\n<title>Riesling Sekt brut 0,375 L - Sekt &amp; Weingut R\u00fcckersh\u00e4user<\/title>\n<meta name=\"robots\" content=\"index, follow, max-snippet:-1, max-image-preview:large, max-video-preview:-1\" \/>\n<link rel=\"canonical\" href=\"https:\/\/rueckershaeuser.de\/product\/riesling-sekt-brut-0375-l\/\" \/>\n<meta property=\"og:locale\" content=\"de_DE\" \/>\n<meta property=\"og:type\" content=\"article\" \/>\n<meta property=\"og:title\" content=\"Riesling Sekt brut 0,375 L - Sekt &amp; Weingut R\u00fcckersh\u00e4user\" \/>\n<meta property=\"og:description\" content=\"Pure Riesling Frucht, animierende S\u00e4ure\" \/>\n<meta property=\"og:url\" content=\"https:\/\/rueckershaeuser.de\/product\/riesling-sekt-brut-0375-l\/\" \/>\n<meta property=\"og:site_name\" content=\"Sekt &amp; Weingut R\u00fcckersh\u00e4user\" \/>\n<meta property=\"article:modified_time\" content=\"2026-04-08T19:39:00+00:00\" \/>\n<meta property=\"og:image\" content=\"https:\/\/rueckershaeuser.de\/wp-content\/uploads\/2024\/04\/Rueckershaeuser_Riesling_Brut.png\" \/>\n\t<meta property=\"og:image:width\" content=\"1000\" \/>\n\t<meta property=\"og:image:height\" content=\"1499\" \/>\n\t<meta property=\"og:image:type\" content=\"image\/png\" \/>\n<meta name=\"twitter:card\" content=\"summary_large_image\" \/>\n<meta name=\"twitter:label1\" content=\"Gesch\u00e4tzte Lesezeit\" \/>\n\t<meta name=\"twitter:data1\" content=\"1\u00a0Minute\" \/>\n<script type=\"application\/ld+json\" class=\"yoast-schema-graph\">{\"@context\":\"https:\\\/\\\/schema.org\",\"@graph\":[{\"@type\":\"WebPage\",\"@id\":\"https:\\\/\\\/rueckershaeuser.de\\\/product\\\/riesling-sekt-brut-0375-l\\\/\",\"url\":\"https:\\\/\\\/rueckershaeuser.de\\\/product\\\/riesling-sekt-brut-0375-l\\\/\",\"name\":\"Riesling Sekt brut 0,375 L - Sekt &amp; Weingut R\u00fcckersh\u00e4user\",\"isPartOf\":{\"@id\":\"https:\\\/\\\/rueckershaeuser.de\\\/#website\"},\"primaryImageOfPage\":{\"@id\":\"https:\\\/\\\/rueckershaeuser.de\\\/product\\\/riesling-sekt-brut-0375-l\\\/#primaryimage\"},\"image\":{\"@id\":\"https:\\\/\\\/rueckershaeuser.de\\\/product\\\/riesling-sekt-brut-0375-l\\\/#primaryimage\"},\"thumbnailUrl\":\"https:\\\/\\\/rueckershaeuser.de\\\/wp-content\\\/uploads\\\/2024\\\/04\\\/Rueckershaeuser_Riesling_Brut.png\",\"datePublished\":\"2024-04-06T00:19:20+00:00\",\"dateModified\":\"2026-04-08T19:39:00+00:00\",\"breadcrumb\":{\"@id\":\"https:\\\/\\\/rueckershaeuser.de\\\/product\\\/riesling-sekt-brut-0375-l\\\/#breadcrumb\"},\"inLanguage\":\"de\",\"potentialAction\":[{\"@type\":\"ReadAction\",\"target\":[\"https:\\\/\\\/rueckershaeuser.de\\\/product\\\/riesling-sekt-brut-0375-l\\\/\"]}]},{\"@type\":\"ImageObject\",\"inLanguage\":\"de\",\"@id\":\"https:\\\/\\\/rueckershaeuser.de\\\/product\\\/riesling-sekt-brut-0375-l\\\/#primaryimage\",\"url\":\"https:\\\/\\\/rueckershaeuser.de\\\/wp-content\\\/uploads\\\/2024\\\/04\\\/Rueckershaeuser_Riesling_Brut.png\",\"contentUrl\":\"https:\\\/\\\/rueckershaeuser.de\\\/wp-content\\\/uploads\\\/2024\\\/04\\\/Rueckershaeuser_Riesling_Brut.png\",\"width\":1000,\"height\":1499},{\"@type\":\"BreadcrumbList\",\"@id\":\"https:\\\/\\\/rueckershaeuser.de\\\/product\\\/riesling-sekt-brut-0375-l\\\/#breadcrumb\",\"itemListElement\":[{\"@type\":\"ListItem\",\"position\":1,\"name\":\"Home\",\"item\":\"https:\\\/\\\/rueckershaeuser.de\\\/\"},{\"@type\":\"ListItem\",\"position\":2,\"name\":\"Products\",\"item\":\"https:\\\/\\\/rueckershaeuser.de\\\/index.php\\\/shop\\\/\"},{\"@type\":\"ListItem\",\"position\":3,\"name\":\"Riesling Sekt brut 0,375 L\"}]},{\"@type\":\"WebSite\",\"@id\":\"https:\\\/\\\/rueckershaeuser.de\\\/#website\",\"url\":\"https:\\\/\\\/rueckershaeuser.de\\\/\",\"name\":\"Sekt &amp; Weingut R\u00fcckersh\u00e4user\",\"description\":\"Weine und Sekt aus Rheinland-Pfalz\",\"potentialAction\":[{\"@type\":\"SearchAction\",\"target\":{\"@type\":\"EntryPoint\",\"urlTemplate\":\"https:\\\/\\\/rueckershaeuser.de\\\/?s={search_term_string}\"},\"query-input\":{\"@type\":\"PropertyValueSpecification\",\"valueRequired\":true,\"valueName\":\"search_term_string\"}}],\"inLanguage\":\"de\"}]}<\/script>\n<!-- \/ Yoast SEO plugin. -->","yoast_head_json":{"title":"Riesling Sekt brut 0,375 L - Sekt &amp; Weingut R\u00fcckersh\u00e4user","robots":{"index":"index","follow":"follow","max-snippet":"max-snippet:-1","max-image-preview":"max-image-preview:large","max-video-preview":"max-video-preview:-1"},"canonical":"https:\/\/rueckershaeuser.de\/product\/riesling-sekt-brut-0375-l\/","og_locale":"de_DE","og_type":"article","og_title":"Riesling Sekt brut 0,375 L - Sekt &amp; Weingut R\u00fcckersh\u00e4user","og_description":"Pure Riesling Frucht, animierende S\u00e4ure","og_url":"https:\/\/rueckershaeuser.de\/product\/riesling-sekt-brut-0375-l\/","og_site_name":"Sekt &amp; Weingut R\u00fcckersh\u00e4user","article_modified_time":"2026-04-08T19:39:00+00:00","og_image":[{"width":1000,"height":1499,"url":"https:\/\/rueckershaeuser.de\/wp-content\/uploads\/2024\/04\/Rueckershaeuser_Riesling_Brut.png","type":"image\/png"}],"twitter_card":"summary_large_image","twitter_misc":{"Gesch\u00e4tzte Lesezeit":"1\u00a0Minute"},"schema":{"@context":"https:\/\/schema.org","@graph":[{"@type":"WebPage","@id":"https:\/\/rueckershaeuser.de\/product\/riesling-sekt-brut-0375-l\/","url":"https:\/\/rueckershaeuser.de\/product\/riesling-sekt-brut-0375-l\/","name":"Riesling Sekt brut 0,375 L - Sekt &amp; Weingut R\u00fcckersh\u00e4user","isPartOf":{"@id":"https:\/\/rueckershaeuser.de\/#website"},"primaryImageOfPage":{"@id":"https:\/\/rueckershaeuser.de\/product\/riesling-sekt-brut-0375-l\/#primaryimage"},"image":{"@id":"https:\/\/rueckershaeuser.de\/product\/riesling-sekt-brut-0375-l\/#primaryimage"},"thumbnailUrl":"https:\/\/rueckershaeuser.de\/wp-content\/uploads\/2024\/04\/Rueckershaeuser_Riesling_Brut.png","datePublished":"2024-04-06T00:19:20+00:00","dateModified":"2026-04-08T19:39:00+00:00","breadcrumb":{"@id":"https:\/\/rueckershaeuser.de\/product\/riesling-sekt-brut-0375-l\/#breadcrumb"},"inLanguage":"de","potentialAction":[{"@type":"ReadAction","target":["https:\/\/rueckershaeuser.de\/product\/riesling-sekt-brut-0375-l\/"]}]},{"@type":"ImageObject","inLanguage":"de","@id":"https:\/\/rueckershaeuser.de\/product\/riesling-sekt-brut-0375-l\/#primaryimage","url":"https:\/\/rueckershaeuser.de\/wp-content\/uploads\/2024\/04\/Rueckershaeuser_Riesling_Brut.png","contentUrl":"https:\/\/rueckershaeuser.de\/wp-content\/uploads\/2024\/04\/Rueckershaeuser_Riesling_Brut.png","width":1000,"height":1499},{"@type":"BreadcrumbList","@id":"https:\/\/rueckershaeuser.de\/product\/riesling-sekt-brut-0375-l\/#breadcrumb","itemListElement":[{"@type":"ListItem","position":1,"name":"Home","item":"https:\/\/rueckershaeuser.de\/"},{"@type":"ListItem","position":2,"name":"Products","item":"https:\/\/rueckershaeuser.de\/index.php\/shop\/"},{"@type":"ListItem","position":3,"name":"Riesling Sekt brut 0,375 L"}]},{"@type":"WebSite","@id":"https:\/\/rueckershaeuser.de\/#website","url":"https:\/\/rueckershaeuser.de\/","name":"Sekt &amp; Weingut R\u00fcckersh\u00e4user","description":"Weine und Sekt aus Rheinland-Pfalz","potentialAction":[{"@type":"SearchAction","target":{"@type":"EntryPoint","urlTemplate":"https:\/\/rueckershaeuser.de\/?s={search_term_string}"},"query-input":{"@type":"PropertyValueSpecification","valueRequired":true,"valueName":"search_term_string"}}],"inLanguage":"de"}]}},"_links":{"self":[{"href":"https:\/\/rueckershaeuser.de\/wp-json\/wp\/v2\/product\/918","targetHints":{"allow":["GET"]}}],"collection":[{"href":"https:\/\/rueckershaeuser.de\/wp-json\/wp\/v2\/product"}],"about":[{"href":"https:\/\/rueckershaeuser.de\/wp-json\/wp\/v2\/types\/product"}],"wp:featuredmedia":[{"embeddable":true,"href":"https:\/\/rueckershaeuser.de\/wp-json\/wp\/v2\/media\/758"}],"wp:attachment":[{"href":"https:\/\/rueckershaeuser.de\/wp-json\/wp\/v2\/media?parent=918"}],"wp:term":[{"taxonomy":"product_brand","embeddable":true,"href":"https:\/\/rueckershaeuser.de\/wp-json\/wp\/v2\/product_brand?post=918"},{"taxonomy":"product_cat","embeddable":true,"href":"https:\/\/rueckershaeuser.de\/wp-json\/wp\/v2\/product_cat?post=918"},{"taxonomy":"product_tag","embeddable":true,"href":"https:\/\/rueckershaeuser.de\/wp-json\/wp\/v2\/product_tag?post=918"}],"curies":[{"name":"wp","href":"https:\/\/api.w.org\/{rel}","templated":true}]}}