{"id":55,"date":"2024-02-05T02:58:11","date_gmt":"2024-02-05T01:58:11","guid":{"rendered":"https:\/\/rueckershaeuser.de\/?page_id=55"},"modified":"2025-11-23T18:33:54","modified_gmt":"2025-11-23T17:33:54","slug":"zahlungs-und-lieferbedingungen","status":"publish","type":"page","link":"https:\/\/rueckershaeuser.de\/zahlungs-und-lieferbedingungen\/","title":{"rendered":"Zahlungs- und Lieferbedingungen"},"content":{"rendered":"\t\t<div data-elementor-type=\"wp-page\" data-elementor-id=\"55\" class=\"elementor elementor-55\" data-elementor-post-type=\"page\">\n\t\t\t\t<div class=\"elementor-element elementor-element-91acc92 e-con-full e-flex e-con e-parent\" data-id=\"91acc92\" data-element_type=\"container\" data-e-type=\"container\" data-settings=\"{&quot;jet_parallax_layout_list&quot;:[]}\">\n\t\t<div class=\"elementor-element elementor-element-450de7f e-flex e-con-boxed e-con e-child\" data-id=\"450de7f\" data-element_type=\"container\" data-e-type=\"container\" data-settings=\"{&quot;jet_parallax_layout_list&quot;:[]}\">\n\t\t\t\t\t<div class=\"e-con-inner\">\n\t\t\t\t<div class=\"elementor-element elementor-element-d85dca1 elementor-widget elementor-widget-heading\" data-id=\"d85dca1\" data-element_type=\"widget\" data-e-type=\"widget\" data-widget_type=\"heading.default\">\n\t\t\t\t<div class=\"elementor-widget-container\">\n\t\t\t\t\t<h3 class=\"elementor-heading-title elementor-size-default\">Zahlungs- und Lieferbedingungen<\/h3>\t\t\t\t<\/div>\n\t\t\t\t<\/div>\n\t\t\t\t<div class=\"elementor-element elementor-element-d627c09 elementor-widget-divider--view-line elementor-widget elementor-widget-divider\" data-id=\"d627c09\" data-element_type=\"widget\" data-e-type=\"widget\" data-widget_type=\"divider.default\">\n\t\t\t\t<div class=\"elementor-widget-container\">\n\t\t\t\t\t\t\t<div class=\"elementor-divider\">\n\t\t\t<span class=\"elementor-divider-separator\">\n\t\t\t\t\t\t<\/span>\n\t\t<\/div>\n\t\t\t\t\t\t<\/div>\n\t\t\t\t<\/div>\n\t\t\t\t\t<\/div>\n\t\t\t\t<\/div>\n\t\t<div class=\"elementor-element elementor-element-8040b91 e-flex e-con-boxed e-con e-child\" data-id=\"8040b91\" data-element_type=\"container\" data-e-type=\"container\" data-settings=\"{&quot;jet_parallax_layout_list&quot;:[]}\">\n\t\t\t\t\t<div class=\"e-con-inner\">\n\t\t\t\t<div class=\"elementor-element elementor-element-20c9e3b elementor-widget elementor-widget-heading\" data-id=\"20c9e3b\" data-element_type=\"widget\" data-e-type=\"widget\" data-widget_type=\"heading.default\">\n\t\t\t\t<div class=\"elementor-widget-container\">\n\t\t\t\t\t<h2 class=\"elementor-heading-title elementor-size-default\">Lieferbedingungen<\/h2>\t\t\t\t<\/div>\n\t\t\t\t<\/div>\n\t\t\t\t<div class=\"elementor-element elementor-element-2634cc5 elementor-widget elementor-widget-text-editor\" data-id=\"2634cc5\" data-element_type=\"widget\" data-e-type=\"widget\" data-widget_type=\"text-editor.default\">\n\t\t\t\t<div class=\"elementor-widget-container\">\n\t\t\t\t\t\t\t\t\t<p>Eine Auslieferung erfolgt zu den genannten Preisen auf unseren regelm\u00e4\u00dfigen Lieferfahrten bei Bestellungen ab 60 Flaschen. Sollte sich Ihre Bestellung nicht mit einer Lieferfahrt verbinden lassen, bieten wir Ihnen nach Absprache eine Zusendung per Post oder Spedition an. Wir versenden in 6-, 12- oder 15er Versandkartons, ab 12 Flaschen versandkostenfrei, darunter berechnen wir 9,95 \u20ac\/Paket (innerhalb Deutschlands).<\/p>\t\t\t\t\t\t\t\t<\/div>\n\t\t\t\t<\/div>\n\t\t\t\t\t<\/div>\n\t\t\t\t<\/div>\n\t\t<div class=\"elementor-element elementor-element-b496742 e-flex e-con-boxed e-con e-child\" data-id=\"b496742\" data-element_type=\"container\" data-e-type=\"container\" data-settings=\"{&quot;jet_parallax_layout_list&quot;:[]}\">\n\t\t\t\t\t<div class=\"e-con-inner\">\n\t\t\t\t<div class=\"elementor-element elementor-element-fb7b1ec elementor-widget elementor-widget-heading\" data-id=\"fb7b1ec\" data-element_type=\"widget\" data-e-type=\"widget\" data-widget_type=\"heading.default\">\n\t\t\t\t<div class=\"elementor-widget-container\">\n\t\t\t\t\t<h2 class=\"elementor-heading-title elementor-size-default\">Zahlungsbedingungen<\/h2>\t\t\t\t<\/div>\n\t\t\t\t<\/div>\n\t\t\t\t<div class=\"elementor-element elementor-element-387750e elementor-widget elementor-widget-text-editor\" data-id=\"387750e\" data-element_type=\"widget\" data-e-type=\"widget\" data-widget_type=\"text-editor.default\">\n\t\t\t\t<div class=\"elementor-widget-container\">\n\t\t\t\t\t\t\t\t\t<p>Der Ausgleich der Rechnung erfolgt in bar, per Lastschrift oder Bank\u00fcberweisung innerhalb von 14 Tagen ohne Abzug. Bei neuen und uns unbekannten Kunden liefern wir ausschlie\u00dflich nach Vorauskasse. Die genannten Preise beinhalten die gesetzliche MwSt. Die gelieferte Ware bleibt bis zur restlosen Bezahlung unser Eigentum.<\/p>\t\t\t\t\t\t\t\t<\/div>\n\t\t\t\t<\/div>\n\t\t\t\t\t<\/div>\n\t\t\t\t<\/div>\n\t\t\t\t<\/div>\n\t\t\t\t<\/div>\n\t\t","protected":false},"excerpt":{"rendered":"<p>Zahlungs- und Lieferbedingungen Lieferbedingungen Eine Auslieferung erfolgt zu den genannten Preisen auf unseren regelm\u00e4\u00dfigen Lieferfahrten bei Bestellungen ab 60 Flaschen. Sollte sich Ihre Bestellung nicht mit einer Lieferfahrt verbinden lassen, bieten wir Ihnen nach Absprache eine Zusendung per Post oder Spedition an. Wir versenden in 6-, 12- oder 15er Versandkartons, ab 12 Flaschen versandkostenfrei, darunter [&hellip;]<\/p>\n","protected":false},"author":1,"featured_media":0,"parent":0,"menu_order":0,"comment_status":"closed","ping_status":"closed","template":"","meta":{"footnotes":""},"class_list":["post-55","page","type-page","status-publish","hentry"],"yoast_head":"<!-- This site is optimized with the Yoast SEO plugin v27.4 - https:\/\/yoast.com\/product\/yoast-seo-wordpress\/ -->\n<title>Zahlungs- und Lieferbedingungen - Sekt &amp; Weingut R\u00fcckersh\u00e4user<\/title>\n<meta name=\"robots\" content=\"index, follow, max-snippet:-1, max-image-preview:large, max-video-preview:-1\" \/>\n<link rel=\"canonical\" href=\"https:\/\/rueckershaeuser.de\/zahlungs-und-lieferbedingungen\/\" \/>\n<meta property=\"og:locale\" content=\"de_DE\" \/>\n<meta property=\"og:type\" content=\"article\" \/>\n<meta property=\"og:title\" content=\"Zahlungs- und Lieferbedingungen - Sekt &amp; Weingut R\u00fcckersh\u00e4user\" \/>\n<meta property=\"og:description\" content=\"Zahlungs- und Lieferbedingungen Lieferbedingungen Eine Auslieferung erfolgt zu den genannten Preisen auf unseren regelm\u00e4\u00dfigen Lieferfahrten bei Bestellungen ab 60 Flaschen. Sollte sich Ihre Bestellung nicht mit einer Lieferfahrt verbinden lassen, bieten wir Ihnen nach Absprache eine Zusendung per Post oder Spedition an. Wir versenden in 6-, 12- oder 15er Versandkartons, ab 12 Flaschen versandkostenfrei, darunter [&hellip;]\" \/>\n<meta property=\"og:url\" content=\"https:\/\/rueckershaeuser.de\/zahlungs-und-lieferbedingungen\/\" \/>\n<meta property=\"og:site_name\" content=\"Sekt &amp; Weingut R\u00fcckersh\u00e4user\" \/>\n<meta property=\"article:modified_time\" content=\"2025-11-23T17:33:54+00:00\" \/>\n<meta name=\"twitter:card\" content=\"summary_large_image\" \/>\n<meta name=\"twitter:label1\" content=\"Gesch\u00e4tzte Lesezeit\" \/>\n\t<meta name=\"twitter:data1\" content=\"1\u00a0Minute\" \/>\n<script type=\"application\/ld+json\" class=\"yoast-schema-graph\">{\"@context\":\"https:\\\/\\\/schema.org\",\"@graph\":[{\"@type\":\"WebPage\",\"@id\":\"https:\\\/\\\/rueckershaeuser.de\\\/zahlungs-und-lieferbedingungen\\\/\",\"url\":\"https:\\\/\\\/rueckershaeuser.de\\\/zahlungs-und-lieferbedingungen\\\/\",\"name\":\"Zahlungs- und Lieferbedingungen - Sekt &amp; Weingut R\u00fcckersh\u00e4user\",\"isPartOf\":{\"@id\":\"https:\\\/\\\/rueckershaeuser.de\\\/#website\"},\"datePublished\":\"2024-02-05T01:58:11+00:00\",\"dateModified\":\"2025-11-23T17:33:54+00:00\",\"breadcrumb\":{\"@id\":\"https:\\\/\\\/rueckershaeuser.de\\\/zahlungs-und-lieferbedingungen\\\/#breadcrumb\"},\"inLanguage\":\"de\",\"potentialAction\":[{\"@type\":\"ReadAction\",\"target\":[\"https:\\\/\\\/rueckershaeuser.de\\\/zahlungs-und-lieferbedingungen\\\/\"]}]},{\"@type\":\"BreadcrumbList\",\"@id\":\"https:\\\/\\\/rueckershaeuser.de\\\/zahlungs-und-lieferbedingungen\\\/#breadcrumb\",\"itemListElement\":[{\"@type\":\"ListItem\",\"position\":1,\"name\":\"Home\",\"item\":\"https:\\\/\\\/rueckershaeuser.de\\\/\"},{\"@type\":\"ListItem\",\"position\":2,\"name\":\"Zahlungs- und Lieferbedingungen\"}]},{\"@type\":\"WebSite\",\"@id\":\"https:\\\/\\\/rueckershaeuser.de\\\/#website\",\"url\":\"https:\\\/\\\/rueckershaeuser.de\\\/\",\"name\":\"Sekt &amp; Weingut R\u00fcckersh\u00e4user\",\"description\":\"Weine und Sekt aus Rheinland-Pfalz\",\"potentialAction\":[{\"@type\":\"SearchAction\",\"target\":{\"@type\":\"EntryPoint\",\"urlTemplate\":\"https:\\\/\\\/rueckershaeuser.de\\\/?s={search_term_string}\"},\"query-input\":{\"@type\":\"PropertyValueSpecification\",\"valueRequired\":true,\"valueName\":\"search_term_string\"}}],\"inLanguage\":\"de\"}]}<\/script>\n<!-- \/ Yoast SEO plugin. -->","yoast_head_json":{"title":"Zahlungs- und Lieferbedingungen - Sekt &amp; Weingut R\u00fcckersh\u00e4user","robots":{"index":"index","follow":"follow","max-snippet":"max-snippet:-1","max-image-preview":"max-image-preview:large","max-video-preview":"max-video-preview:-1"},"canonical":"https:\/\/rueckershaeuser.de\/zahlungs-und-lieferbedingungen\/","og_locale":"de_DE","og_type":"article","og_title":"Zahlungs- und Lieferbedingungen - Sekt &amp; Weingut R\u00fcckersh\u00e4user","og_description":"Zahlungs- und Lieferbedingungen Lieferbedingungen Eine Auslieferung erfolgt zu den genannten Preisen auf unseren regelm\u00e4\u00dfigen Lieferfahrten bei Bestellungen ab 60 Flaschen. Sollte sich Ihre Bestellung nicht mit einer Lieferfahrt verbinden lassen, bieten wir Ihnen nach Absprache eine Zusendung per Post oder Spedition an. Wir versenden in 6-, 12- oder 15er Versandkartons, ab 12 Flaschen versandkostenfrei, darunter [&hellip;]","og_url":"https:\/\/rueckershaeuser.de\/zahlungs-und-lieferbedingungen\/","og_site_name":"Sekt &amp; Weingut R\u00fcckersh\u00e4user","article_modified_time":"2025-11-23T17:33:54+00:00","twitter_card":"summary_large_image","twitter_misc":{"Gesch\u00e4tzte Lesezeit":"1\u00a0Minute"},"schema":{"@context":"https:\/\/schema.org","@graph":[{"@type":"WebPage","@id":"https:\/\/rueckershaeuser.de\/zahlungs-und-lieferbedingungen\/","url":"https:\/\/rueckershaeuser.de\/zahlungs-und-lieferbedingungen\/","name":"Zahlungs- und Lieferbedingungen - Sekt &amp; Weingut R\u00fcckersh\u00e4user","isPartOf":{"@id":"https:\/\/rueckershaeuser.de\/#website"},"datePublished":"2024-02-05T01:58:11+00:00","dateModified":"2025-11-23T17:33:54+00:00","breadcrumb":{"@id":"https:\/\/rueckershaeuser.de\/zahlungs-und-lieferbedingungen\/#breadcrumb"},"inLanguage":"de","potentialAction":[{"@type":"ReadAction","target":["https:\/\/rueckershaeuser.de\/zahlungs-und-lieferbedingungen\/"]}]},{"@type":"BreadcrumbList","@id":"https:\/\/rueckershaeuser.de\/zahlungs-und-lieferbedingungen\/#breadcrumb","itemListElement":[{"@type":"ListItem","position":1,"name":"Home","item":"https:\/\/rueckershaeuser.de\/"},{"@type":"ListItem","position":2,"name":"Zahlungs- und Lieferbedingungen"}]},{"@type":"WebSite","@id":"https:\/\/rueckershaeuser.de\/#website","url":"https:\/\/rueckershaeuser.de\/","name":"Sekt &amp; Weingut R\u00fcckersh\u00e4user","description":"Weine und Sekt aus Rheinland-Pfalz","potentialAction":[{"@type":"SearchAction","target":{"@type":"EntryPoint","urlTemplate":"https:\/\/rueckershaeuser.de\/?s={search_term_string}"},"query-input":{"@type":"PropertyValueSpecification","valueRequired":true,"valueName":"search_term_string"}}],"inLanguage":"de"}]}},"_links":{"self":[{"href":"https:\/\/rueckershaeuser.de\/wp-json\/wp\/v2\/pages\/55","targetHints":{"allow":["GET"]}}],"collection":[{"href":"https:\/\/rueckershaeuser.de\/wp-json\/wp\/v2\/pages"}],"about":[{"href":"https:\/\/rueckershaeuser.de\/wp-json\/wp\/v2\/types\/page"}],"author":[{"embeddable":true,"href":"https:\/\/rueckershaeuser.de\/wp-json\/wp\/v2\/users\/1"}],"replies":[{"embeddable":true,"href":"https:\/\/rueckershaeuser.de\/wp-json\/wp\/v2\/comments?post=55"}],"version-history":[{"count":10,"href":"https:\/\/rueckershaeuser.de\/wp-json\/wp\/v2\/pages\/55\/revisions"}],"predecessor-version":[{"id":2144,"href":"https:\/\/rueckershaeuser.de\/wp-json\/wp\/v2\/pages\/55\/revisions\/2144"}],"wp:attachment":[{"href":"https:\/\/rueckershaeuser.de\/wp-json\/wp\/v2\/media?parent=55"}],"curies":[{"name":"wp","href":"https:\/\/api.w.org\/{rel}","templated":true}]}}