{"id":53,"date":"2024-02-05T02:57:31","date_gmt":"2024-02-05T01:57:31","guid":{"rendered":"https:\/\/rueckershaeuser.de\/?page_id=53"},"modified":"2024-11-20T17:51:55","modified_gmt":"2024-11-20T16:51:55","slug":"impressum","status":"publish","type":"page","link":"https:\/\/rueckershaeuser.de\/impressum\/","title":{"rendered":"Impressum"},"content":{"rendered":"\t\t<div data-elementor-type=\"wp-page\" data-elementor-id=\"53\" class=\"elementor elementor-53\" data-elementor-post-type=\"page\">\n\t\t\t\t<div class=\"elementor-element elementor-element-0ae62b2 e-con-full e-flex e-con e-parent\" data-id=\"0ae62b2\" data-element_type=\"container\" data-e-type=\"container\" data-settings=\"{&quot;jet_parallax_layout_list&quot;:[]}\">\n\t\t<div class=\"elementor-element elementor-element-9051401 e-flex e-con-boxed e-con e-child\" data-id=\"9051401\" data-element_type=\"container\" data-e-type=\"container\" data-settings=\"{&quot;jet_parallax_layout_list&quot;:[]}\">\n\t\t\t\t\t<div class=\"e-con-inner\">\n\t\t\t\t<div class=\"elementor-element elementor-element-e84544e elementor-widget elementor-widget-heading\" data-id=\"e84544e\" data-element_type=\"widget\" data-e-type=\"widget\" data-widget_type=\"heading.default\">\n\t\t\t\t<div class=\"elementor-widget-container\">\n\t\t\t\t\t<h3 class=\"elementor-heading-title elementor-size-default\">Impressum<\/h3>\t\t\t\t<\/div>\n\t\t\t\t<\/div>\n\t\t\t\t<div class=\"elementor-element elementor-element-e098fe5 elementor-widget-divider--view-line elementor-widget elementor-widget-divider\" data-id=\"e098fe5\" data-element_type=\"widget\" data-e-type=\"widget\" data-widget_type=\"divider.default\">\n\t\t\t\t<div class=\"elementor-widget-container\">\n\t\t\t\t\t\t\t<div class=\"elementor-divider\">\n\t\t\t<span class=\"elementor-divider-separator\">\n\t\t\t\t\t\t<\/span>\n\t\t<\/div>\n\t\t\t\t\t\t<\/div>\n\t\t\t\t<\/div>\n\t\t\t\t\t<\/div>\n\t\t\t\t<\/div>\n\t\t<div class=\"elementor-element elementor-element-00f9b73 e-flex e-con-boxed e-con e-child\" data-id=\"00f9b73\" data-element_type=\"container\" data-e-type=\"container\" data-settings=\"{&quot;jet_parallax_layout_list&quot;:[]}\">\n\t\t\t\t\t<div class=\"e-con-inner\">\n\t\t\t\t<div class=\"elementor-element elementor-element-577be7b elementor-widget elementor-widget-text-editor\" data-id=\"577be7b\" data-element_type=\"widget\" data-e-type=\"widget\" data-widget_type=\"text-editor.default\">\n\t\t\t\t<div class=\"elementor-widget-container\">\n\t\t\t\t\t\t\t\t\t<h3>Anbieter:<\/h3><p>Sekt &amp; Weingut R\u00fcckersh\u00e4user\u00a0<\/p><p>Inhaber: Peter R\u00fcckersh\u00e4user<\/p><p>Ockenheimer Stra\u00dfe 70<\/p><p>55435 Gau-Algesheim<\/p><div><p>Deutschland<\/p><\/div><div><p>Umsatzsteuer-Identifikationsnummer: DE321814675<\/p><\/div><p>Telefonnummer: 06725 &#8211; 2085<\/p><p>E-Mail-Adresse: weingut@rueckershaeuser.de<\/p><div><h3>EU-Streitschlichtung (OS-Plattform):<\/h3><p>Die EU-Kommission hat eine Europ\u00e4ische OS-Plattform zur au\u00dfergerichtlichen Online-Beilegung von Streitigkeiten zwischen Verbrauchern und Unternehmern eingerichtet. Diese ist erreichbar unter: <a href=\"https:\/\/ec.europa.eu\/consumers\/odr\" target=\"_blank\" rel=\"noopener noreferrer nofollow\">https:\/\/ec.europa.eu\/consumers\/odr<\/a><\/p><p>Der Anbieter ist nicht verpflichtet und nicht bereit, an einem solchen Schlichtungsverfahren teilzunehmen.Die E-Mail-Adresse des Anbieters lautet weingut@rueckershaeuser.de.<\/p><\/div><div><h3>Aufsichtsbeh\u00f6rde:<\/h3><p>Ministerium f\u00fcr Wirtschaft, Verkehr, Landwirtschaft und Weinbau<\/p><p>Stiftsstra\u00dfe 9<\/p><p>55116 Mainz<\/p><p>Deutschland<\/p><\/div><div><h3>Kammer:<\/h3><p>Landwirtschaftskammer Rheinland-Pfalz<\/p><p>Burgenlandstr. 7<\/p><p>55543 Bad Kreuznach<\/p><\/div>\t\t\t\t\t\t\t\t<\/div>\n\t\t\t\t<\/div>\n\t\t\t\t\t<\/div>\n\t\t\t\t<\/div>\n\t\t\t\t<\/div>\n\t\t\t\t<\/div>\n\t\t","protected":false},"excerpt":{"rendered":"<p>Impressum Anbieter: Sekt &amp; Weingut R\u00fcckersh\u00e4user\u00a0 Inhaber: Peter R\u00fcckersh\u00e4user Ockenheimer Stra\u00dfe 70 55435 Gau-Algesheim Deutschland Umsatzsteuer-Identifikationsnummer: DE321814675 Telefonnummer: 06725 &#8211; 2085 E-Mail-Adresse: weingut@rueckershaeuser.de EU-Streitschlichtung (OS-Plattform): Die EU-Kommission hat eine Europ\u00e4ische OS-Plattform zur au\u00dfergerichtlichen Online-Beilegung von Streitigkeiten zwischen Verbrauchern und Unternehmern eingerichtet. Diese ist erreichbar unter: https:\/\/ec.europa.eu\/consumers\/odr Der Anbieter ist nicht verpflichtet und nicht bereit, an [&hellip;]<\/p>\n","protected":false},"author":1,"featured_media":0,"parent":0,"menu_order":0,"comment_status":"closed","ping_status":"closed","template":"","meta":{"footnotes":""},"class_list":["post-53","page","type-page","status-publish","hentry"],"yoast_head":"<!-- This site is optimized with the Yoast SEO plugin v27.4 - https:\/\/yoast.com\/product\/yoast-seo-wordpress\/ -->\n<title>Impressum - Sekt &amp; Weingut R\u00fcckersh\u00e4user<\/title>\n<meta name=\"robots\" content=\"index, follow, max-snippet:-1, max-image-preview:large, max-video-preview:-1\" \/>\n<link rel=\"canonical\" href=\"https:\/\/rueckershaeuser.de\/impressum\/\" \/>\n<meta property=\"og:locale\" content=\"de_DE\" \/>\n<meta property=\"og:type\" content=\"article\" \/>\n<meta property=\"og:title\" content=\"Impressum - Sekt &amp; Weingut R\u00fcckersh\u00e4user\" \/>\n<meta property=\"og:description\" content=\"Impressum Anbieter: Sekt &amp; Weingut R\u00fcckersh\u00e4user\u00a0 Inhaber: Peter R\u00fcckersh\u00e4user Ockenheimer Stra\u00dfe 70 55435 Gau-Algesheim Deutschland Umsatzsteuer-Identifikationsnummer: DE321814675 Telefonnummer: 06725 &#8211; 2085 E-Mail-Adresse: weingut@rueckershaeuser.de EU-Streitschlichtung (OS-Plattform): Die EU-Kommission hat eine Europ\u00e4ische OS-Plattform zur au\u00dfergerichtlichen Online-Beilegung von Streitigkeiten zwischen Verbrauchern und Unternehmern eingerichtet. Diese ist erreichbar unter: https:\/\/ec.europa.eu\/consumers\/odr Der Anbieter ist nicht verpflichtet und nicht bereit, an [&hellip;]\" \/>\n<meta property=\"og:url\" content=\"https:\/\/rueckershaeuser.de\/impressum\/\" \/>\n<meta property=\"og:site_name\" content=\"Sekt &amp; Weingut R\u00fcckersh\u00e4user\" \/>\n<meta property=\"article:modified_time\" content=\"2024-11-20T16:51:55+00:00\" \/>\n<meta name=\"twitter:card\" content=\"summary_large_image\" \/>\n<meta name=\"twitter:label1\" content=\"Gesch\u00e4tzte Lesezeit\" \/>\n\t<meta name=\"twitter:data1\" content=\"1\u00a0Minute\" \/>\n<script type=\"application\/ld+json\" class=\"yoast-schema-graph\">{\"@context\":\"https:\\\/\\\/schema.org\",\"@graph\":[{\"@type\":\"WebPage\",\"@id\":\"https:\\\/\\\/rueckershaeuser.de\\\/impressum\\\/\",\"url\":\"https:\\\/\\\/rueckershaeuser.de\\\/impressum\\\/\",\"name\":\"Impressum - Sekt &amp; Weingut R\u00fcckersh\u00e4user\",\"isPartOf\":{\"@id\":\"https:\\\/\\\/rueckershaeuser.de\\\/#website\"},\"datePublished\":\"2024-02-05T01:57:31+00:00\",\"dateModified\":\"2024-11-20T16:51:55+00:00\",\"breadcrumb\":{\"@id\":\"https:\\\/\\\/rueckershaeuser.de\\\/impressum\\\/#breadcrumb\"},\"inLanguage\":\"de\",\"potentialAction\":[{\"@type\":\"ReadAction\",\"target\":[\"https:\\\/\\\/rueckershaeuser.de\\\/impressum\\\/\"]}]},{\"@type\":\"BreadcrumbList\",\"@id\":\"https:\\\/\\\/rueckershaeuser.de\\\/impressum\\\/#breadcrumb\",\"itemListElement\":[{\"@type\":\"ListItem\",\"position\":1,\"name\":\"Home\",\"item\":\"https:\\\/\\\/rueckershaeuser.de\\\/\"},{\"@type\":\"ListItem\",\"position\":2,\"name\":\"Impressum\"}]},{\"@type\":\"WebSite\",\"@id\":\"https:\\\/\\\/rueckershaeuser.de\\\/#website\",\"url\":\"https:\\\/\\\/rueckershaeuser.de\\\/\",\"name\":\"Sekt &amp; Weingut R\u00fcckersh\u00e4user\",\"description\":\"Weine und Sekt aus Rheinland-Pfalz\",\"potentialAction\":[{\"@type\":\"SearchAction\",\"target\":{\"@type\":\"EntryPoint\",\"urlTemplate\":\"https:\\\/\\\/rueckershaeuser.de\\\/?s={search_term_string}\"},\"query-input\":{\"@type\":\"PropertyValueSpecification\",\"valueRequired\":true,\"valueName\":\"search_term_string\"}}],\"inLanguage\":\"de\"}]}<\/script>\n<!-- \/ Yoast SEO plugin. -->","yoast_head_json":{"title":"Impressum - Sekt &amp; Weingut R\u00fcckersh\u00e4user","robots":{"index":"index","follow":"follow","max-snippet":"max-snippet:-1","max-image-preview":"max-image-preview:large","max-video-preview":"max-video-preview:-1"},"canonical":"https:\/\/rueckershaeuser.de\/impressum\/","og_locale":"de_DE","og_type":"article","og_title":"Impressum - Sekt &amp; Weingut R\u00fcckersh\u00e4user","og_description":"Impressum Anbieter: Sekt &amp; Weingut R\u00fcckersh\u00e4user\u00a0 Inhaber: Peter R\u00fcckersh\u00e4user Ockenheimer Stra\u00dfe 70 55435 Gau-Algesheim Deutschland Umsatzsteuer-Identifikationsnummer: DE321814675 Telefonnummer: 06725 &#8211; 2085 E-Mail-Adresse: weingut@rueckershaeuser.de EU-Streitschlichtung (OS-Plattform): Die EU-Kommission hat eine Europ\u00e4ische OS-Plattform zur au\u00dfergerichtlichen Online-Beilegung von Streitigkeiten zwischen Verbrauchern und Unternehmern eingerichtet. Diese ist erreichbar unter: https:\/\/ec.europa.eu\/consumers\/odr Der Anbieter ist nicht verpflichtet und nicht bereit, an [&hellip;]","og_url":"https:\/\/rueckershaeuser.de\/impressum\/","og_site_name":"Sekt &amp; Weingut R\u00fcckersh\u00e4user","article_modified_time":"2024-11-20T16:51:55+00:00","twitter_card":"summary_large_image","twitter_misc":{"Gesch\u00e4tzte Lesezeit":"1\u00a0Minute"},"schema":{"@context":"https:\/\/schema.org","@graph":[{"@type":"WebPage","@id":"https:\/\/rueckershaeuser.de\/impressum\/","url":"https:\/\/rueckershaeuser.de\/impressum\/","name":"Impressum - Sekt &amp; Weingut R\u00fcckersh\u00e4user","isPartOf":{"@id":"https:\/\/rueckershaeuser.de\/#website"},"datePublished":"2024-02-05T01:57:31+00:00","dateModified":"2024-11-20T16:51:55+00:00","breadcrumb":{"@id":"https:\/\/rueckershaeuser.de\/impressum\/#breadcrumb"},"inLanguage":"de","potentialAction":[{"@type":"ReadAction","target":["https:\/\/rueckershaeuser.de\/impressum\/"]}]},{"@type":"BreadcrumbList","@id":"https:\/\/rueckershaeuser.de\/impressum\/#breadcrumb","itemListElement":[{"@type":"ListItem","position":1,"name":"Home","item":"https:\/\/rueckershaeuser.de\/"},{"@type":"ListItem","position":2,"name":"Impressum"}]},{"@type":"WebSite","@id":"https:\/\/rueckershaeuser.de\/#website","url":"https:\/\/rueckershaeuser.de\/","name":"Sekt &amp; Weingut R\u00fcckersh\u00e4user","description":"Weine und Sekt aus Rheinland-Pfalz","potentialAction":[{"@type":"SearchAction","target":{"@type":"EntryPoint","urlTemplate":"https:\/\/rueckershaeuser.de\/?s={search_term_string}"},"query-input":{"@type":"PropertyValueSpecification","valueRequired":true,"valueName":"search_term_string"}}],"inLanguage":"de"}]}},"_links":{"self":[{"href":"https:\/\/rueckershaeuser.de\/wp-json\/wp\/v2\/pages\/53","targetHints":{"allow":["GET"]}}],"collection":[{"href":"https:\/\/rueckershaeuser.de\/wp-json\/wp\/v2\/pages"}],"about":[{"href":"https:\/\/rueckershaeuser.de\/wp-json\/wp\/v2\/types\/page"}],"author":[{"embeddable":true,"href":"https:\/\/rueckershaeuser.de\/wp-json\/wp\/v2\/users\/1"}],"replies":[{"embeddable":true,"href":"https:\/\/rueckershaeuser.de\/wp-json\/wp\/v2\/comments?post=53"}],"version-history":[{"count":10,"href":"https:\/\/rueckershaeuser.de\/wp-json\/wp\/v2\/pages\/53\/revisions"}],"predecessor-version":[{"id":1852,"href":"https:\/\/rueckershaeuser.de\/wp-json\/wp\/v2\/pages\/53\/revisions\/1852"}],"wp:attachment":[{"href":"https:\/\/rueckershaeuser.de\/wp-json\/wp\/v2\/media?parent=53"}],"curies":[{"name":"wp","href":"https:\/\/api.w.org\/{rel}","templated":true}]}}